{"id":231,"date":"2016-07-21T15:46:23","date_gmt":"2016-07-21T14:46:23","guid":{"rendered":"http:\/\/www.irene-azar.fr\/?page_id=231"},"modified":"2016-08-02T12:00:35","modified_gmt":"2016-08-02T11:00:35","slug":"la-rencontre-2-0","status":"publish","type":"page","link":"https:\/\/www.irene-azar.fr\/index.php\/la-rencontre-2-0\/","title":{"rendered":"La Rencontre Amoureuse 2.0"},"content":{"rendered":"<h3><\/h3>\n<p>Quelles sont les \u00e9volutions des r\u00f4les sociaux et des codes de la rencontre amoureuse engendr\u00e9es par la convergence num\u00e9rique ? Quels changements note-on par rapport \u00e0 une rencontre dite \u00ab\u00a0classique\u00a0\u00bb ?<!--more--><\/p>\n<p>Au cours de mes recherches, je me suis souvent heurt\u00e9e \u00e0 la difficult\u00e9 de trouver une information pertinente et v\u00e9rifi\u00e9e. Je voulais des faits et non pas des discussions st\u00e9riles, des rem\u00e8des miracles pour \u00e2mes en mal d&rsquo;amour ou encore des plans d&rsquo;un soir.<\/p>\n<p>Si comme moi, l&rsquo;objectif est de comprendre :<\/p>\n<ul>\n<li>Pourquoi nombre de c\u00e9libataires se rendent sur ces sites de rencontre,<\/li>\n<li>Quelles sont les diff\u00e9rences hommes\/femmes lors du\u00a0premier contact,<\/li>\n<li>Comment s&rsquo;effectue la prise de contact,<\/li>\n<li>Ou encore, dans quelles mesures\u00a0la communication d&rsquo;un site tel que AdoptUnMec.com am\u00e8ne une red\u00e9finition des r\u00f4les sociaux et des codes de la rencontre amoureuse,<\/li>\n<\/ul>\n<p>alors vous trouverez ici\u00a0certainement quelques \u00e9l\u00e9ments de r\u00e9ponse, mais pas seulement !<\/p>\n<p>[sgmb id=\u00a0\u00bb1&Prime;]<\/p>\n","protected":false},"excerpt":{"rendered":"<p>Quelles sont les \u00e9volutions des r\u00f4les sociaux et des codes de la rencontre amoureuse engendr\u00e9es par la convergence num\u00e9rique ? Quels changements note-on par<\/p>\n","protected":false},"author":1,"featured_media":0,"parent":0,"menu_order":0,"comment_status":"closed","ping_status":"closed","template":"","meta":{"sfsi_plus_gutenberg_text_before_share":"","sfsi_plus_gutenberg_show_text_before_share":"","sfsi_plus_gutenberg_icon_type":"","sfsi_plus_gutenberg_icon_alignemt":"","sfsi_plus_gutenburg_max_per_row":""},"_links":{"self":[{"href":"https:\/\/www.irene-azar.fr\/index.php\/wp-json\/wp\/v2\/pages\/231"}],"collection":[{"href":"https:\/\/www.irene-azar.fr\/index.php\/wp-json\/wp\/v2\/pages"}],"about":[{"href":"https:\/\/www.irene-azar.fr\/index.php\/wp-json\/wp\/v2\/types\/page"}],"author":[{"embeddable":true,"href":"https:\/\/www.irene-azar.fr\/index.php\/wp-json\/wp\/v2\/users\/1"}],"replies":[{"embeddable":true,"href":"https:\/\/www.irene-azar.fr\/index.php\/wp-json\/wp\/v2\/comments?post=231"}],"version-history":[{"count":6,"href":"https:\/\/www.irene-azar.fr\/index.php\/wp-json\/wp\/v2\/pages\/231\/revisions"}],"predecessor-version":[{"id":256,"href":"https:\/\/www.irene-azar.fr\/index.php\/wp-json\/wp\/v2\/pages\/231\/revisions\/256"}],"wp:attachment":[{"href":"https:\/\/www.irene-azar.fr\/index.php\/wp-json\/wp\/v2\/media?parent=231"}],"curies":[{"name":"wp","href":"https:\/\/api.w.org\/{rel}","templated":true}]}}