{"id":247,"date":"2016-08-02T10:44:36","date_gmt":"2016-08-02T09:44:36","guid":{"rendered":"http:\/\/www.irene-azar.fr\/?page_id=247"},"modified":"2016-08-02T11:57:19","modified_gmt":"2016-08-02T10:57:19","slug":"la-rencontre-avec-un-grand-a","status":"publish","type":"page","link":"https:\/\/www.irene-azar.fr\/index.php\/la-rencontre-avec-un-grand-a\/","title":{"rendered":"La Rencontre avec un grand A"},"content":{"rendered":"<h3><strong>Pourquoi une rubrique sur la rencontre amoureuse ?<\/strong><\/h3>\n<p>Cette id\u00e9e est n\u00e9e d&rsquo;un d\u00e9sir tr\u00e8s simple. Passionn\u00e9e par les interactions humaines et plus pr\u00e9cis\u00e9ment par les rapports hommes\/femmes, j&rsquo;ai voulu\u00a0approfondir la question des divergences hommes\/femmes lors de la rencontre amoureuse.<\/p>\n<p>Je ne parlerai pas ici de l&rsquo;origine des divergences des r\u00f4les sociaux hommes \/ femmes ou encore de ces r\u00f4les bien connus et partag\u00e9s de tous, de mani\u00e8re consciente ou inconsciente, qu&rsquo;ils soient des construits sociaux ou non.<\/p>\n<p>Beaucoup d&rsquo;auteurs, de philosophes, de psychologues, de personnes comme vous et moi ont cherch\u00e9 \u00e0 comprendre, \u00e0 d\u00e9finir les relations amoureuses et les diff\u00e9rences entre hommes et femmes.<\/p>\n<p>Alors que savons-nous vraiment sur les st\u00e9r\u00e9otypes, l&rsquo;identit\u00e9 sociale, les r\u00f4les sociaux et finalement sur la rencontre amoureuse ?<\/p>\n<blockquote><p>\u00ab\u00a0Il en est du v\u00e9ritable amour comme de l&rsquo;apparition des esprits : tout le monde en parle, mais peu de gens en ont vu.\u00a0\u00bb<br \/>\nFran\u00e7ois DE LA ROCHEFOUCAULD<\/p>\n<p>\u00ab\u00a0Le verbe aimer est difficile \u00e0 conjuguer : son pass\u00e9 n&rsquo;est pas simple, son pr\u00e9sent n&rsquo;est qu&rsquo;indicatif et son futur est toujours conditionnel.\u00a0\u00bb<br \/>\nJean COCTEAU<\/p>\n<p>\u00ab\u00a0Nous appellerons \u00e9motion une chute brusque de la conscience dans le magique.\u00a0\u00bb<br \/>\nJean-Paul SARTRE<br \/>\n<em>Extrait de l&rsquo; Esquisse d\u2019une th\u00e9orie des \u00e9motions<\/em><\/p>\n<p>\u00ab\u00a0The appearance of things change according to the emotions,<br \/>\nand thus we see magic and beauty in them, while the magic<br \/>\nand beauty are really in ourselves.\u00a0\u00bb\u00a0Kahlil GIBRAN<\/p>\n<p>\u00ab\u00a0Aimer est le grand point, qu&rsquo;importe la ma\u00eetresse ? Qu&rsquo;importe le flacon, pourvu qu&rsquo;on ait l&rsquo;ivresse ? \u00a0\u00bb<br \/>\nAlfred de MUSSET<br \/>\n<em>Extrait de La coupe et les l\u00e8vres<\/em><\/p><\/blockquote>\n<p>&nbsp;<\/p>\n","protected":false},"excerpt":{"rendered":"<p>Pourquoi une rubrique sur la rencontre amoureuse ? Cette id\u00e9e est n\u00e9e d&rsquo;un d\u00e9sir tr\u00e8s simple. Passionn\u00e9e par les interactions humaines et plus pr\u00e9cis\u00e9ment<\/p>\n","protected":false},"author":1,"featured_media":0,"parent":0,"menu_order":0,"comment_status":"closed","ping_status":"closed","template":"","meta":{"sfsi_plus_gutenberg_text_before_share":"","sfsi_plus_gutenberg_show_text_before_share":"","sfsi_plus_gutenberg_icon_type":"","sfsi_plus_gutenberg_icon_alignemt":"","sfsi_plus_gutenburg_max_per_row":""},"_links":{"self":[{"href":"https:\/\/www.irene-azar.fr\/index.php\/wp-json\/wp\/v2\/pages\/247"}],"collection":[{"href":"https:\/\/www.irene-azar.fr\/index.php\/wp-json\/wp\/v2\/pages"}],"about":[{"href":"https:\/\/www.irene-azar.fr\/index.php\/wp-json\/wp\/v2\/types\/page"}],"author":[{"embeddable":true,"href":"https:\/\/www.irene-azar.fr\/index.php\/wp-json\/wp\/v2\/users\/1"}],"replies":[{"embeddable":true,"href":"https:\/\/www.irene-azar.fr\/index.php\/wp-json\/wp\/v2\/comments?post=247"}],"version-history":[{"count":4,"href":"https:\/\/www.irene-azar.fr\/index.php\/wp-json\/wp\/v2\/pages\/247\/revisions"}],"predecessor-version":[{"id":254,"href":"https:\/\/www.irene-azar.fr\/index.php\/wp-json\/wp\/v2\/pages\/247\/revisions\/254"}],"wp:attachment":[{"href":"https:\/\/www.irene-azar.fr\/index.php\/wp-json\/wp\/v2\/media?parent=247"}],"curies":[{"name":"wp","href":"https:\/\/api.w.org\/{rel}","templated":true}]}}