{"id":258,"date":"2016-08-02T12:22:37","date_gmt":"2016-08-02T11:22:37","guid":{"rendered":"http:\/\/www.irene-azar.fr\/?page_id=258"},"modified":"2016-08-02T12:22:37","modified_gmt":"2016-08-02T11:22:37","slug":"la-rencontre-professionnelle","status":"publish","type":"page","link":"https:\/\/www.irene-azar.fr\/index.php\/la-rencontre-professionnelle\/","title":{"rendered":"La Rencontre professionnelle"},"content":{"rendered":"<p>Le monde professionnel peut se r\u00e9v\u00e9ler \u00eatre tr\u00e8s complexe ou encore semblable \u00e0 une grande cour de r\u00e9cr\u00e9ation.<\/p>\n<p>Tous les jours, il est le t\u00e9moin de rencontres humaines. On peut observer des diff\u00e9rences de traitement (discrimination en tout genre, discrimination positive) lors de l&#8217;embauche, quotidiennement sur le lieu de travail et aussi\u00a0des jeux de pouvoirs, des comp\u00e9titions, des rivalit\u00e9s.<\/p>\n<p>Et finalement, on peut se demander quel est l&rsquo;objectif. Asseoir sa diff\u00e9rence ? Son pouvoir ? Conserver sa position professionnelle ? Challenger, se d\u00e9passer ? \u0152uvrer dans un but commun (projet d&rsquo;entreprise) ?<\/p>\n<p>&nbsp;<\/p>\n","protected":false},"excerpt":{"rendered":"<p>Le monde professionnel peut se r\u00e9v\u00e9ler \u00eatre tr\u00e8s complexe ou encore semblable \u00e0 une grande cour de r\u00e9cr\u00e9ation. Tous les jours, il est le<\/p>\n","protected":false},"author":1,"featured_media":0,"parent":0,"menu_order":0,"comment_status":"closed","ping_status":"closed","template":"","meta":{"sfsi_plus_gutenberg_text_before_share":"","sfsi_plus_gutenberg_show_text_before_share":"","sfsi_plus_gutenberg_icon_type":"","sfsi_plus_gutenberg_icon_alignemt":"","sfsi_plus_gutenburg_max_per_row":""},"_links":{"self":[{"href":"https:\/\/www.irene-azar.fr\/index.php\/wp-json\/wp\/v2\/pages\/258"}],"collection":[{"href":"https:\/\/www.irene-azar.fr\/index.php\/wp-json\/wp\/v2\/pages"}],"about":[{"href":"https:\/\/www.irene-azar.fr\/index.php\/wp-json\/wp\/v2\/types\/page"}],"author":[{"embeddable":true,"href":"https:\/\/www.irene-azar.fr\/index.php\/wp-json\/wp\/v2\/users\/1"}],"replies":[{"embeddable":true,"href":"https:\/\/www.irene-azar.fr\/index.php\/wp-json\/wp\/v2\/comments?post=258"}],"version-history":[{"count":1,"href":"https:\/\/www.irene-azar.fr\/index.php\/wp-json\/wp\/v2\/pages\/258\/revisions"}],"predecessor-version":[{"id":260,"href":"https:\/\/www.irene-azar.fr\/index.php\/wp-json\/wp\/v2\/pages\/258\/revisions\/260"}],"wp:attachment":[{"href":"https:\/\/www.irene-azar.fr\/index.php\/wp-json\/wp\/v2\/media?parent=258"}],"curies":[{"name":"wp","href":"https:\/\/api.w.org\/{rel}","templated":true}]}}